{"id":538,"date":"2022-10-11T14:46:13","date_gmt":"2022-10-11T13:46:13","guid":{"rendered":"https:\/\/micro-meets-macro.com\/?page_id=538"},"modified":"2025-04-14T15:04:16","modified_gmt":"2025-04-14T14:04:16","slug":"artikel-von-markus-mezger","status":"publish","type":"page","link":"https:\/\/micro-meets-macro.com\/en\/artikel-von-markus-mezger","title":{"rendered":"Artikel von Markus Mezger"},"content":{"rendered":"\n\n\n<blockquote>\n<p><a href=\"https:\/\/www.plutos.de\/blog\/rohstoff-zyklus-voraus\/\"><strong>Rohstoff-Zyklus voraus <\/strong><\/a><span style=\"font-size: revert; color: inherit;\">(21. M\u00e4rz 2025)<\/span><\/p>\n<\/blockquote>\n\n\n\n<blockquote>\n<p><a href=\"https:\/\/micro-meets-macro.com\/wp-content\/uploads\/2024\/10\/MMM_Gold_Realzins_Raetsel.pdf\"><strong>Das Gold-Realzins-R\u00e4tsel <\/strong><\/a><span style=\"font-size: revert; color: inherit;\">(4. Oktober 2024)<\/span><\/p>\n<\/blockquote>\n\n\n\n<blockquote>\n<p><a href=\"https:\/\/micro-meets-macro.com\/die-usa-auf-dem-gipfel\"><strong>Die USA auf dem Gipfel <\/strong><\/a><span style=\"font-size: revert; color: inherit;\">(12. Oktober 2023)<\/span><\/p>\n<\/blockquote>\n\n\n\n<blockquote>\n<p><strong>Implizite Widerspr\u00fcche <\/strong>(3. Oktober 2022)<\/p>\n<ul>\n<li><a href=\"https:\/\/micro-meets-macro.com\/implizite-widersprueche\">in Textform<\/a><\/li>\n<li><a href=\"https:\/\/micro-meets-macro.com\/wp-content\/uploads\/2022\/10\/20221003-Micro-Meets-Macro-Implizite-Widersprueche.pdf\">als PDF downloaden<\/a><\/li>\n<\/ul>\n<\/blockquote>\n<blockquote>\n<p><strong>Alpha und Beta in Rohstoffaktien <\/strong>(3. November 2021)<\/p>\n<ul>\n<li><a href=\"https:\/\/micro-meets-macro.com\/alpha-und-beta-mit-rohstoffaktien\">in Textform<\/a><\/li>\n<li><a href=\"https:\/\/micro-meets-macro.com\/wp-content\/uploads\/2021\/11\/20211103-Micro-Meets-Macro-Alpha-und-Beta-mit-Rohstoffaktien.pdf\">als PDF downloaden<\/a><\/li>\n<\/ul>\n<\/blockquote>\n<blockquote>\n<p><a href=\"https:\/\/micro-meets-macro.com\/klimapolitik-und-energierohstoffe-ein-paar-bemerkungen\"><strong>Klimapolitik und Energierohstoffe \u2013 ein paar Bemerkungen <\/strong><\/a>(25. September 2020)<\/p>\n<\/blockquote>\n\n\n\n<blockquote>\n<p><a href=\"https:\/\/micro-meets-macro.com\/der-bitcoin-wahn\"><strong>Der Bitcoin Wahn <\/strong><\/a><span style=\"font-size: revert; color: inherit;\">(2. Februar 2018)<\/span><\/p>\n<\/blockquote>\n","protected":false},"excerpt":{"rendered":"<p>Rohstoff-Zyklus voraus (21. M\u00e4rz 2025) Das Gold-Realzins-R\u00e4tsel (4. Oktober 2024) Die USA auf dem Gipfel (12. Oktober 2023) Implizite Widerspr\u00fcche (3. Oktober 2022) in Textform als PDF downloaden Alpha und Beta in Rohstoffaktien (3. November 2021) in Textform als PDF downloaden Klimapolitik und Energierohstoffe \u2013 ein paar Bemerkungen (25. September 2020) Der Bitcoin Wahn (2. &#8230; <a title=\"Artikel von Markus Mezger\" class=\"read-more\" href=\"https:\/\/micro-meets-macro.com\/en\/artikel-von-markus-mezger\">Read more<\/a><\/p>\n","protected":false},"author":1,"featured_media":0,"parent":0,"menu_order":0,"comment_status":"closed","ping_status":"closed","template":"","meta":{"footnotes":""},"class_list":["post-538","page","type-page","status-publish"],"_links":{"self":[{"href":"https:\/\/micro-meets-macro.com\/en\/wp-json\/wp\/v2\/pages\/538","targetHints":{"allow":["GET"]}}],"collection":[{"href":"https:\/\/micro-meets-macro.com\/en\/wp-json\/wp\/v2\/pages"}],"about":[{"href":"https:\/\/micro-meets-macro.com\/en\/wp-json\/wp\/v2\/types\/page"}],"author":[{"embeddable":true,"href":"https:\/\/micro-meets-macro.com\/en\/wp-json\/wp\/v2\/users\/1"}],"replies":[{"embeddable":true,"href":"https:\/\/micro-meets-macro.com\/en\/wp-json\/wp\/v2\/comments?post=538"}],"version-history":[{"count":9,"href":"https:\/\/micro-meets-macro.com\/en\/wp-json\/wp\/v2\/pages\/538\/revisions"}],"predecessor-version":[{"id":711,"href":"https:\/\/micro-meets-macro.com\/en\/wp-json\/wp\/v2\/pages\/538\/revisions\/711"}],"wp:attachment":[{"href":"https:\/\/micro-meets-macro.com\/en\/wp-json\/wp\/v2\/media?parent=538"}],"curies":[{"name":"wp","href":"https:\/\/api.w.org\/{rel}","templated":true}]}}